{"id":5795,"date":"2017-03-31T11:12:18","date_gmt":"2017-03-31T09:12:18","guid":{"rendered":"http:\/\/www.ra.ee\/?page_id=5795\/"},"modified":"2024-02-08T12:52:27","modified_gmt":"2024-02-08T10:52:27","slug":"film","status":"publish","type":"page","link":"https:\/\/www.ra.ee\/en\/film-photo-audio\/film\/","title":{"rendered":"Film"},"content":{"rendered":"<p style=\"text-align: justify;\"><strong>The film and video collections of the National Archives can be searched through the<a href=\"https:\/\/www.meediateek.ee\/\"> Meediateek<\/a> information system. <span lang=\"en-GB\"><b>Please use our <\/b><\/span><span lang=\"zxx\"><u><a class=\"western\" href=\"http:\/\/www.ra.ee\/vau\/index.php\/en\/enquiry\/application\/create?type=13\" target=\"_blank\" rel=\"noopener noreferrer\"><span lang=\"en-GB\">self-service environment<\/span><\/a><\/u><\/span><span lang=\"en-GB\"> for ordering files.<\/span><\/strong><\/p>\n<p><a href=\"\/wp-content\/uploads\/2024\/02\/Filmiarhiivi.tegevuspohimotted_vers.1.3_ENG.pdf\">Collection Policy of the Film Archive of the National Archives of Estonia<\/a><\/p>\n<p style=\"text-align: justify;\">The collections of the Film Archives include film and video material on Estonia from the early 20th\u00a0century to the present. Organised acquisition of films started in 1935 on the basis of the Archives Act, and focused on newsreels. The earliest film footage dates back to 1908. The oldest domestic films were produced by Johannes P\u00e4\u00e4suke between 1912 and 1914.<\/p>\n<p style=\"text-align: justify;\">The Film Archives hold newsreels, newsreel segments, documentaries, music films, feature films, animated films, advertisements and amateur films. The archives are the repository for more than 8,000 titles of film and close to 7,000 original video titles. The collections also include outtakes from television programmes and films, fragments of films that have not survived in their entirety, and other additional materials such as film postproduction transcripts, screenplays and posters.<\/p>\n<p style=\"text-align: justify;\">The archives have abundant audiovisual material related to\u00a0<strong>cultural and sports events<\/strong>. The largest part of the film collection consists of\u00a0<strong>newsreels<\/strong>, which offer a rich trove of material in the fields of genealogy, institutions, industry and agriculture. On<strong>\u00a0military themes,\u00a0<\/strong>there is unique footage from the Estonian War of Independence, the Defence League\u00a0<em>(<\/em>Kaitseliit), the Defence Forces, and the Women\u2019s Voluntary Defence Organisation (Naiskodukaitse).<\/p>\n<p style=\"text-align: justify;\">The<strong>\u00a0amateur films\u00a0<\/strong>in the archives were shot by both cinematographers for whom it was a hobby and associations of amateur filmmakers connected to various institutions. The film archives have also acquired amateur films and video recordings documenting \u00e9migr\u00e9 Estonian activities abroad \u2013 for example, the Estonian Archives in Australia, the Consulate General of Estonia in New York City, the Swedish Estonian Society in Stockholm and the Boston Estonian Society collections.<\/p>\n<p style=\"text-align: justify;\">From the pre-World War II period, only a few titles of\u00a0<strong>feature films<\/strong>\u00a0 survive:\u00a0<a href=\"http:\/\/www.eha.ee\/fa\/public\/index.php?act=search_detail&amp;a_id=2039&amp;isik=&amp;autor=&amp;esitaja=&amp;string=&amp;pealk=karujaht+p%C3%A4rnumaal&amp;mark=&amp;mod=3&amp;lang=et&amp;nocache=1479714341\" target=\"_blank\" rel=\"noopener noreferrer\">\u201dKarujaht P\u00e4rnumaal\u201d<\/a>\u00a0(<em>Bear Hunt in P\u00e4rnu County<\/em>, 1914), \u201c<a href=\"http:\/\/www.eha.ee\/fa\/public\/index.php?act=search_detail&amp;a_id=3122&amp;isik=&amp;autor=&amp;esitaja=&amp;string=&amp;pealk=miro%C5%A1t%C5%A1enko&amp;mark=&amp;mod=3&amp;lang=et&amp;nocache=1479714366\">T\u0161ekaa komissar Miro\u0161t\u0161enko<\/a>\u201d (<em>Cheka Commissar Miroshchenko<\/em>, 1925), \u201c<a href=\"http:\/\/www.eha.ee\/fa\/public\/index.php?act=search_detail&amp;a_id=3091&amp;isik=&amp;autor=&amp;esitaja=&amp;string=&amp;pealk=noored+kotkad&amp;mark=&amp;mod=3&amp;lang=et&amp;nocache=1479714802\" target=\"_blank\" rel=\"noopener noreferrer\">Noored kotkad<\/a>\u201d (<em>Young Eagles<\/em>, 1927), \u201c<a href=\"http:\/\/www.eha.ee\/fa\/public\/index.php?act=search_detail&amp;a_id=3130&amp;isik=&amp;autor=&amp;esitaja=&amp;string=&amp;pealk=j%C3%BCri+rumm&amp;mark=&amp;mod=3&amp;lang=et&amp;nocache=1479714825\">J\u00fcri Rumm<\/a>\u201d (1929), \u201c<a href=\"http:\/\/www.eha.ee\/fa\/public\/index.php?act=search_detail&amp;a_id=5430&amp;isik=&amp;autor=&amp;esitaja=&amp;string=&amp;pealk=kire+lained&amp;mark=&amp;mod=3&amp;lang=et&amp;nocache=1479392535\" target=\"_blank\" rel=\"noopener noreferrer\">Kire lained<\/a>\u201d (<em>Waves of Passion<\/em>, 1930), \u201c<a href=\"http:\/\/www.eha.ee\/fa\/public\/index.php?act=search_detail&amp;a_id=5827&amp;isik=&amp;autor=&amp;esitaja=&amp;string=&amp;pealk=p%C3%A4ikese+lapsed&amp;mark=&amp;mod=3&amp;lang=et&amp;nocache=1479714851\" target=\"_blank\" rel=\"noopener noreferrer\">P\u00e4ikese lapsed<\/a>\u201d (<em>Children of the Sun<\/em>, 1932) and fragments of the films \u201c<a href=\"http:\/\/www.eha.ee\/fa\/public\/index.php?act=search_detail&amp;a_id=4321&amp;isik=&amp;autor=&amp;esitaja=&amp;string=&amp;pealk=kevade+unelm&amp;mark=&amp;mod=3&amp;lang=et&amp;nocache=1479714869\" target=\"_blank\" rel=\"noopener noreferrer\">Kevade unelm<\/a>\u201d (<em>A Spring Dream<\/em>, 1927) and\u00a0<a href=\"http:\/\/www.eha.ee\/fa\/public\/index.php?act=search_detail&amp;a_id=4312&amp;isik=&amp;autor=&amp;esitaja=&amp;string=&amp;pealk=vigased+pruudid&amp;mark=&amp;mod=3&amp;lang=et&amp;nocache=1479714887\" target=\"_blank\" rel=\"noopener noreferrer\">\u201cVigased pruudid<\/a>\u201d (<em>Defective Brides<\/em>, 1929). The archives also are the depository for feature films produced by Tallinnfilm. After the Republic of Estonia regained independence, many private companies appeared on the film landscape, and up until early 2017, they had no obligation to hand their films over to the archives. As a result, the archives do not comprehensively represent the films produced in Estonia.<\/p>\n<p style=\"text-align: justify;\">\n","protected":false},"excerpt":{"rendered":"<p>The film and video collections of the National Archives can be searched through the Meediateek information system. Please use our self-service environment for ordering files. Collection Policy of the Film Archive of the National Archives of Estonia The collections of the Film Archives include film and video material on Estonia from the early 20th\u00a0century to [&hellip;]<\/p>\n","protected":false},"author":3,"featured_media":0,"parent":1900,"menu_order":1,"comment_status":"closed","ping_status":"closed","template":"","meta":{"_acf_changed":false,"footnotes":""},"class_list":["post-5795","page","type-page","status-publish","hentry"],"acf":[],"_links":{"self":[{"href":"https:\/\/www.ra.ee\/en\/wp-json\/wp\/v2\/pages\/5795","targetHints":{"allow":["GET"]}}],"collection":[{"href":"https:\/\/www.ra.ee\/en\/wp-json\/wp\/v2\/pages"}],"about":[{"href":"https:\/\/www.ra.ee\/en\/wp-json\/wp\/v2\/types\/page"}],"author":[{"embeddable":true,"href":"https:\/\/www.ra.ee\/en\/wp-json\/wp\/v2\/users\/3"}],"replies":[{"embeddable":true,"href":"https:\/\/www.ra.ee\/en\/wp-json\/wp\/v2\/comments?post=5795"}],"version-history":[{"count":0,"href":"https:\/\/www.ra.ee\/en\/wp-json\/wp\/v2\/pages\/5795\/revisions"}],"up":[{"embeddable":true,"href":"https:\/\/www.ra.ee\/en\/wp-json\/wp\/v2\/pages\/1900"}],"wp:attachment":[{"href":"https:\/\/www.ra.ee\/en\/wp-json\/wp\/v2\/media?parent=5795"}],"curies":[{"name":"wp","href":"https:\/\/api.w.org\/{rel}","templated":true}]}}